{"id":159,"date":"2014-06-02T11:56:49","date_gmt":"2014-06-02T10:56:49","guid":{"rendered":"http:\/\/www.musee-memorial-omaha.com\/\/nearby-omaha\/nos-autres-partenaires\/"},"modified":"2022-04-11T10:18:36","modified_gmt":"2022-04-11T09:18:36","slug":"nos-autres-partenaires","status":"publish","type":"page","link":"https:\/\/www.musee-memorial-omaha.com\/en\/practical-information\/nos-autres-partenaires\/","title":{"rendered":"Nos partenaires"},"content":{"rendered":"<table>\n<tbody>\n<tr>\n<td><\/td>\n<\/tr>\n<\/tbody>\n<\/table>\n<h2><\/h2>\n<table style=\"height: 1009px;\" border=\"1px\" width=\"826\">\n<tbody>\n<tr>\n<th><\/th>\n<th colspan=\"2\"><\/th>\n<th><\/th>\n<\/tr>\n<tr>\n<td style=\"width: 25%; vertical-align: top;\" scope=\"colgroup\"><a href=\"http:\/\/www.isigny-grandcamp-intercom.fr\/\"><img loading=\"lazy\" decoding=\"async\" class=\"alignnone wp-image-2960 size-full\" src=\"http:\/\/www.musee-memorial-omaha.com\/wp-content\/uploads\/2014\/06\/logoisignyomaha-e1582893509271.png\" alt=\"logoIsignyOmaha\" width=\"200\" height=\"91\" \/><\/a><\/td>\n<td style=\"width: 25%; vertical-align: top;\" colspan=\"2\" scope=\"colgroup\"><span style=\"font-size: 8pt;\"><strong><span style=\"font-size: 10pt;\"> OTI Omaha Beach<br \/>\n<\/span> <\/strong> <\/span><span style=\"font-size: 8pt;\">Ancienne RN13 14710<br \/>\nFORMIGNY<\/span><\/td>\n<td style=\"width: 25%;\" scope=\"colgroup\"><span style=\"font-size: 8pt;\"> T\u00e9l : 02 31 51 39 52<br \/>\n<\/span><span style=\"font-size: 8pt;\"><span style=\"font-size: 8pt;\"><a href=\"Mailto:contact@oti-omaha.fr\">contact@oti-omaha.fr<br \/>\n<\/a> <a href=\"http:\/\/www.isigny-grandcamp-intercom.fr\/\" target=\"_blank\">http:\/\/www.isigny-grandcamp-intercom.fr\/<\/a><\/span><\/span><\/td>\n<\/tr>\n<tr>\n<td style=\"vertical-align: top;\"><span style=\"font-size: 8pt;\"><a title=\"Site officiel de l'Office de Tourisme\" href=\"http:\/\/bayeux-bessin-tourisme.com\" target=\"_blank\"><img loading=\"lazy\" decoding=\"async\" class=\"alignnone wp-image-670 size-mid-200\" src=\"http:\/\/www.musee-memorial-omaha.com\/wp-content\/uploads\/2016\/05\/logo-ot-bayeux-200x119.jpg\" alt=\"Logo OT Bayeux\" width=\"200\" height=\"119\" \/><\/a> <\/span><\/td>\n<td style=\"vertical-align: top;\" colspan=\"2\"><span style=\"font-size: 8pt;\"><strong><span style=\"font-size: 10pt;\"> OTI Bayeux<\/span><\/strong><\/span><span style=\"font-size: 8pt;\"><br \/>\nRue Saint-Jean<br \/>\n14400 Bayeux <\/span><\/td>\n<td style=\"vertical-align: top;\"><span style=\"font-size: 8pt;\"><span style=\"font-size: 8pt;\"> T\u00e9l : 02.31.51.28.28<br \/>\n<a href=\"mailto:info@bayeux-tourism.com\">info@bayeux-tourism.com<br \/>\n<\/a> <a href=\"http:\/\/bayeux-bessin-tourisme.com\" target=\"_blank\">http:\/\/bayeux-bessin-tourisme.com<\/a><\/span><\/span><\/td>\n<\/tr>\n<tr>\n<td style=\"vertical-align: top;\"><a href=\"http:\/\/www.musee-memorial-omaha.com\/wp-content\/uploads\/2014\/06\/normandie_tourisme_web.png\"><img loading=\"lazy\" decoding=\"async\" class=\"alignnone wp-image-5296 size-full\" src=\"http:\/\/www.musee-memorial-omaha.com\/wp-content\/uploads\/2014\/06\/normandie_tourisme_web.png\" alt=\"NORMANDIE_TOURISME_WEB\" width=\"200\" height=\"72\" \/><\/a><\/td>\n<td style=\"vertical-align: top;\" colspan=\"2\"><span style=\"font-size: 8pt;\"><strong><span style=\"font-size: 10pt;\"> Calvados Attractivit\u00e9<\/span><br \/>\n<\/strong>8 rue Renoir<br \/>\n14054 Caen cedex 4<\/span><\/td>\n<td style=\"vertical-align: top;\"><span style=\"font-size: 8pt; color: #000000;\"> T\u00e9l :\u00a0<span class=\"texte-couleur2\">02 31 27 90 30<br \/>\n<\/span><\/span><span style=\"font-size: 8pt;\"><span style=\"font-size: 8pt;\"><span class=\"texte-couleur2\"><a href=\"mailto:tourisme@calvados.fr\">tourisme@calvados.fr<br \/>\n<\/a> <a href=\"https:\/\/www.calvados.fr\/calvados-attractivite\" target=\"_blank\">https:\/\/www.calvados.fr\/calvados-attractivite<\/a><\/span><\/span><\/span><\/td>\n<\/tr>\n<tr>\n<td style=\"vertical-align: top;\">\n<p style=\"text-align: left;\"><strong><span style=\"font-size: 14pt;\">Camping<\/span><\/strong><\/p>\n<p><strong>REINE MATHILDE<\/strong><\/td>\n<td style=\"vertical-align: middle; text-align: left;\" colspan=\"2\"><span style=\"font-size: 10pt;\"><strong>Camping Reine Mathilde\u00a0 \u00a0 \u00a0 \u00a0 \u00a0 \u00a0 \u00a0 \u00a0 \u00a0 \u00a0<\/strong><\/span><span style=\"font-size: 8pt;\">Route de Sainte Honorine\u00a0 \u00a0 \u00a0 \u00a0 \u00a0<\/span><span style=\"font-size: 8pt;\">Lieu dit le Marais\u00a0 \u00a0 \u00a0 \u00a0 \u00a0 \u00a0 \u00a0 14400 \u00c9tr\u00e9ham<\/span><\/td>\n<td style=\"vertical-align: top;\"><span style=\"font-size: 8pt;\">\u00a0T\u00e9l :\u00a0<span style=\"color: #000000;\">02 31 21 76 55\u00a0 \u00a0 \u00a0 \u00a0 \u00a0 \u00a0 \u00a0 \u00a0 \u00a0 \u00a0 \u00a0 \u00a0 \u00a0\u00a0<a style=\"color: inherit;\" href=\"mailto:campingreinemathilde@gmail.com\" data-auto-recognition=\"true\">campingreinemathilde@gmail.com<\/a>\u00a0 \u00a0 \u00a0 <a href=\"https:\/\/www.camping-normandie-reinemathilde.com\/\" target=\"_blank\">\u00a0https:\/\/www.camping-normandie-reinemathilde.com\/<\/a><\/span><\/span><\/td>\n<\/tr>\n<tr>\n<td style=\"vertical-align: top;\"><a href=\"http:\/\/www.musee-memorial-omaha.com\/wp-content\/uploads\/2014\/06\/camping-roseraie-surrain-e1622811689285.jpg\"><img loading=\"lazy\" decoding=\"async\" class=\"alignleft wp-image-6977 size-full\" src=\"http:\/\/www.musee-memorial-omaha.com\/wp-content\/uploads\/2014\/06\/camping-roseraie-surrain-e1622811689285.jpg\" alt=\"camping-roseraie-surrain\" width=\"387\" height=\"200\" \/><\/a><a href=\"http:\/\/www.musee-memorial-omaha.com\/wp-content\/uploads\/2014\/06\/camping-roseraie-surrain-e1622811689285.jpg\"><br \/>\n<\/a><\/td>\n<td style=\"vertical-align: middle; text-align: left;\" colspan=\"2\"><strong><span style=\"font-size: 10pt;\">Camping La Roseraie d&#8217;Omaha<br \/>\n<\/span><\/strong><span style=\"font-size: 8pt;\">La Paudaye<br \/>\n14710 Surrain<\/span><\/td>\n<td style=\"vertical-align: top;\"><span style=\"font-size: 8pt;\">T\u00e9l : 02.31.21.17.71<br \/>\n<a href=\"mailto:camping-laroseraie@orange.fr\">camping-laroseraie@orange.fr<\/a><br \/>\n<a href=\"www.camping-calvados-normandie.fr\" target=\"_blank\">www.camping-calvados-normandie.fr<\/a><\/span><\/td>\n<\/tr>\n<tr>\n<td style=\"vertical-align: top;\">\u00a0<img loading=\"lazy\" decoding=\"async\" class=\"alignnone wp-image-5432\" src=\"http:\/\/www.musee-memorial-omaha.com\/wp-content\/uploads\/2014\/06\/logo-jardins-de-deauville-300x300.jpg\" alt=\"Logo-Jardins-de-deauville\" width=\"110\" height=\"110\" srcset=\"https:\/\/www.musee-memorial-omaha.com\/wp-content\/uploads\/2014\/06\/logo-jardins-de-deauville-300x300.jpg 300w, https:\/\/www.musee-memorial-omaha.com\/wp-content\/uploads\/2014\/06\/logo-jardins-de-deauville-150x150.jpg 150w, https:\/\/www.musee-memorial-omaha.com\/wp-content\/uploads\/2014\/06\/logo-jardins-de-deauville-200x200.jpg 200w, https:\/\/www.musee-memorial-omaha.com\/wp-content\/uploads\/2014\/06\/logo-jardins-de-deauville-100x100.jpg 100w, https:\/\/www.musee-memorial-omaha.com\/wp-content\/uploads\/2014\/06\/logo-jardins-de-deauville.jpg 375w\" sizes=\"auto, (max-width: 110px) 100vw, 110px\" \/><\/td>\n<td style=\"vertical-align: middle; text-align: left;\" colspan=\"2\"><strong><span style=\"font-size: 10pt;\">Les\u00a0Jardins de Deauville<\/span><\/strong><br \/>\n<span style=\"font-size: 8pt;\">670 Route de Pont l\u2019Ev\u00eaque<br \/>\n<\/span> <span style=\"font-size: 8pt;\">14130 Saint-Martin-aux-Chartrains <\/span><\/td>\n<td style=\"vertical-align: top;\"><span style=\"font-size: 8pt;\"><span style=\"font-size: 8pt;\"><br \/>\nT\u00e9l.:\u00a0<span style=\"color: #333333;\">02 31 64 40 40<br \/>\n<span style=\"color: #0000ff;\"><a style=\"color: #000000;\" href=\"mailto:reception@ljdd-hotel.com\"><span style=\"color: #0000ff;\">reception@ljdd-hotel.com<br \/>\n<\/span><\/a><a href=\"https:\/\/www.lesjardinsdedeauville-hotel.com\/\" target=\"_blank\"><span style=\"color: #0000ff;\">https:\/\/www.lesjardinsdedeauville-hotel.com\/<\/span><\/a><\/span><\/span><\/span><\/span><\/td>\n<\/tr>\n<tr>\n<td style=\"vertical-align: top;\"><a href=\"http:\/\/www.musee-memorial-omaha.com\/wp-content\/uploads\/2014\/06\/logo-camping-portland-retina.png\"><img loading=\"lazy\" decoding=\"async\" class=\"alignleft wp-image-5433\" src=\"http:\/\/www.musee-memorial-omaha.com\/wp-content\/uploads\/2014\/06\/logo-camping-portland-retina-300x124.png\" alt=\"Logo-Camping-Portland-retina\" width=\"240\" height=\"100\" srcset=\"https:\/\/www.musee-memorial-omaha.com\/wp-content\/uploads\/2014\/06\/logo-camping-portland-retina-300x124.png 300w, https:\/\/www.musee-memorial-omaha.com\/wp-content\/uploads\/2014\/06\/logo-camping-portland-retina-200x83.png 200w, https:\/\/www.musee-memorial-omaha.com\/wp-content\/uploads\/2014\/06\/logo-camping-portland-retina.png 481w\" sizes=\"auto, (max-width: 240px) 100vw, 240px\" \/><\/a><\/td>\n<td style=\"vertical-align: middle; text-align: left;\" colspan=\"2\"><strong><span style=\"font-size: 10pt;\"><strong>Camping Port&#8217;land<br \/>\n<\/strong> <\/span><\/strong><span style=\"font-size: 8pt;\"><span style=\"color: #222222;\">Chemin du Castel<br \/>\n<\/span><\/span><span style=\"font-size: 8pt;\"><span style=\"font-size: 8pt;\">14520 Port-en-Bessin-Huppain<\/span><\/span><\/td>\n<td style=\"vertical-align: top;\"><span style=\"font-size: 8pt;\"><span style=\"font-size: 8pt;\"><br \/>\nT\u00e9l.:\u00a002.31.51.07.06<br \/>\n<a style=\"color: #44468f;\" href=\"mailto:info@camping-portland.fr\">info@camping-portland.fr<br \/>\n<\/a><a href=\"https:\/\/www.camping-portland.fr\/\">https:\/\/www.camping-portland.fr\/<\/a><\/span><\/span><\/td>\n<\/tr>\n<tr>\n<td style=\"vertical-align: top;\"><a href=\"http:\/\/www.musee-memorial-omaha.com\/wp-content\/uploads\/2014\/06\/le_robinson.jpg\"><img loading=\"lazy\" decoding=\"async\" class=\"alignleft size-full wp-image-5434\" src=\"http:\/\/www.musee-memorial-omaha.com\/wp-content\/uploads\/2014\/06\/le_robinson.jpg\" alt=\"Le_Robinson\" width=\"220\" height=\"85\" srcset=\"https:\/\/www.musee-memorial-omaha.com\/wp-content\/uploads\/2014\/06\/le_robinson.jpg 220w, https:\/\/www.musee-memorial-omaha.com\/wp-content\/uploads\/2014\/06\/le_robinson-200x77.jpg 200w\" sizes=\"auto, (max-width: 220px) 100vw, 220px\" \/><\/a><\/td>\n<td style=\"vertical-align: middle; text-align: left;\" colspan=\"2\"><strong><span style=\"font-size: 10pt;\"><strong>Camping Le Robinson<br \/>\n<\/strong><\/span><\/strong><span style=\"font-size: 10pt;\"><span style=\"color: #222222; font-size: 8pt;\">24 route d\u2019Omaha Beach<br \/>\n14710 Colleville-sur-Mer <\/span><\/span><\/td>\n<td style=\"vertical-align: top;\"><span style=\"font-size: 8pt;\"><span style=\"font-size: 8pt;\"><br \/>\nT\u00e9l.:\u00a0<span style=\"color: #222222;\">02.31.22.45.19<br \/>\n<a style=\"color: #1155cc;\" href=\"mailto:info@campinglerobinson.com\" target=\"_blank\">info@campinglerobinson.com<br \/>\n<\/a> <a href=\"http:\/\/www.campinglerobinson.com\/\" target=\"_blank\">http:\/\/www.campinglerobinson.com\/<\/a><\/span><\/span><\/span><\/td>\n<\/tr>\n<tr>\n<td style=\"vertical-align: top;\">\u00a0<a href=\"http:\/\/www.musee-memorial-omaha.com\/wp-content\/uploads\/2014\/06\/logo-lhypocamp.jpg\"><img loading=\"lazy\" decoding=\"async\" class=\"aligncenter wp-image-5438 size-medium\" src=\"http:\/\/www.musee-memorial-omaha.com\/wp-content\/uploads\/2014\/06\/logo-lhypocamp-300x35.jpg\" alt=\"logo-lhypocamp\" width=\"300\" height=\"35\" srcset=\"https:\/\/www.musee-memorial-omaha.com\/wp-content\/uploads\/2014\/06\/logo-lhypocamp-300x35.jpg 300w, https:\/\/www.musee-memorial-omaha.com\/wp-content\/uploads\/2014\/06\/logo-lhypocamp-1024x121.jpg 1024w, https:\/\/www.musee-memorial-omaha.com\/wp-content\/uploads\/2014\/06\/logo-lhypocamp-200x23.jpg 200w, https:\/\/www.musee-memorial-omaha.com\/wp-content\/uploads\/2014\/06\/logo-lhypocamp.jpg 1121w\" sizes=\"auto, (max-width: 300px) 100vw, 300px\" \/><\/a><\/td>\n<td style=\"vertical-align: middle; text-align: left;\" colspan=\"2\"><strong><span style=\"font-size: 10pt;\"><strong><strong><strong>Camping\u00a0L&#8217;HYPO&#8217;CAMP<br \/>\n<\/strong><\/strong><\/strong><\/span><\/strong><span style=\"font-size: 8pt;\"><span style=\"color: #222222;\">60 route d&#8217;Omaha Beach<br \/>\n14520\u00a0Ste-Honorine-des-Pertes<\/span><\/span><\/td>\n<td style=\"vertical-align: top;\"><span style=\"font-size: 8pt;\"><span style=\"font-size: 8pt;\"><br \/>\nT\u00e9l.:\u00a002.31.21.77.24<br \/>\n<a href=\"https:\/\/www.lhypocamp.com\/contact-email\">lhypocamp@orange.fr<br \/>\n<\/a><a style=\"color: #1155cc;\" href=\"http:\/\/www.lhypocamp.com\/\" target=\"_blank\" data-saferedirecturl=\"https:\/\/www.google.com\/url?q=http:\/\/www.lhypocamp.com&amp;source=gmail&amp;ust=1593850193636000&amp;usg=AFQjCNH761J44uN26c75Nv8WN2_RKu7I7A\">http:\/\/www.lhypocamp.com<\/a><\/span><\/span><\/td>\n<\/tr>\n<tr>\n<td style=\"vertical-align: top;\">\u00a0<a href=\"http:\/\/www.musee-memorial-omaha.com\/wp-content\/uploads\/2014\/06\/camping-sous-les-pommiers-trevieres.jpg\"><img loading=\"lazy\" decoding=\"async\" class=\"alignleft wp-image-5439\" src=\"http:\/\/www.musee-memorial-omaha.com\/wp-content\/uploads\/2014\/06\/camping-sous-les-pommiers-trevieres-281x300.jpg\" alt=\"Camping-sous-les-pommiers-Trevieres\" width=\"110\" height=\"117\" srcset=\"https:\/\/www.musee-memorial-omaha.com\/wp-content\/uploads\/2014\/06\/camping-sous-les-pommiers-trevieres-281x300.jpg 281w, https:\/\/www.musee-memorial-omaha.com\/wp-content\/uploads\/2014\/06\/camping-sous-les-pommiers-trevieres-187x200.jpg 187w, https:\/\/www.musee-memorial-omaha.com\/wp-content\/uploads\/2014\/06\/camping-sous-les-pommiers-trevieres.jpg 327w\" sizes=\"auto, (max-width: 110px) 100vw, 110px\" \/><\/a><\/td>\n<td style=\"vertical-align: middle; text-align: left;\" colspan=\"2\"><strong><span style=\"font-size: 10pt;\"><strong><strong><strong><strong><strong><strong><strong>Camping Sous les pommiers<br \/>\n<\/strong><\/strong><\/strong><\/strong><\/strong><\/strong><\/strong><\/span><\/strong><span style=\"font-size: 8pt;\"><span style=\"color: #222222;\">Rue du pont de la barre<br \/>\n14710 Tr\u00e9vieres<\/span><\/span><\/td>\n<td style=\"vertical-align: top;\"><span style=\"font-size: 8pt;\"><span style=\"font-size: 8pt;\"><span style=\"font-size: 8pt;\"><br \/>\nT\u00e9l.: 06.69.35.39.84 <\/span><\/span><\/span><a href=\"mailto:campingsouslespommiers@gmail.com\" target=\"_blank\"><span class=\"qu\" style=\"font-size: 8pt; color: #000000;\" tabindex=\"-1\"><span class=\"go\">campingsouslespommiers@gmail.com <\/span><\/span><\/a><span style=\"font-size: 8pt;\"><a style=\"color: #1155cc;\" href=\"http:\/\/www.camping-trevieres.fr\/\" target=\"_blank\" data-saferedirecturl=\"https:\/\/www.google.com\/url?q=http:\/\/www.camping-trevieres.fr&amp;source=gmail&amp;ust=1593850193575000&amp;usg=AFQjCNEdpeLo3dpmqCNBB2fbCHXDHsW0LA\">www.camping-trevieres.fr<\/a><\/span><\/td>\n<\/tr>\n<tr>\n<td style=\"vertical-align: top;\"><a href=\"http:\/\/www.musee-memorial-omaha.com\/wp-content\/uploads\/2014\/06\/logo_le_fanal.png\"><img loading=\"lazy\" decoding=\"async\" class=\"alignleft wp-image-5442\" src=\"http:\/\/www.musee-memorial-omaha.com\/wp-content\/uploads\/2014\/06\/logo_le_fanal-300x281.png\" alt=\"Logo_Le_Fanal\" width=\"117\" height=\"110\" srcset=\"https:\/\/www.musee-memorial-omaha.com\/wp-content\/uploads\/2014\/06\/logo_le_fanal-300x281.png 300w, https:\/\/www.musee-memorial-omaha.com\/wp-content\/uploads\/2014\/06\/logo_le_fanal-1024x962.png 1024w, https:\/\/www.musee-memorial-omaha.com\/wp-content\/uploads\/2014\/06\/logo_le_fanal-200x187.png 200w, https:\/\/www.musee-memorial-omaha.com\/wp-content\/uploads\/2014\/06\/logo_le_fanal.png 1248w\" sizes=\"auto, (max-width: 117px) 100vw, 117px\" \/><\/a><\/td>\n<td style=\"vertical-align: middle; text-align: left;\" colspan=\"2\"><strong><span style=\"font-size: 10pt;\"><strong><strong><strong><strong><strong><strong><strong>Camping Le Fanal<br \/>\n<\/strong><\/strong><\/strong><\/strong><\/strong><\/strong><\/strong><\/span><\/strong><span style=\"font-size: 10pt;\"><span style=\"font-size: 8pt;\">Rue du Camping Le Fanal<br \/>\n<i style=\"color: #222222;\">14230\u00a0Isigny-sur-Mer<\/i><br \/>\n<\/span><\/span><strong><span style=\"font-size: 10pt;\"><strong><strong><strong><strong><strong><strong><strong><br \/>\n<\/strong><\/strong><\/strong><\/strong><\/strong><\/strong><\/strong><\/span><\/strong><\/td>\n<td style=\"vertical-align: top;\"><span style=\"font-size: 8pt;\"><span style=\"font-size: 8pt;\"><span style=\"font-size: 8pt;\"><span style=\"font-size: 8pt;\"><br \/>\nT\u00e9l.:\u00a0<span style=\"color: #222222;\">02.31.21.33.20<\/span><br \/>\n<i style=\"color: #222222;\"><a style=\"color: #1155cc;\" href=\"mailto:info@camping-lefanal.com\" target=\"_blank\">info@camping-lefanal.com<\/a><\/i><br \/>\n<i style=\"color: #222222;\"><a style=\"color: #1155cc;\" href=\"http:\/\/www.camping-normandie-fanal.fr\/\" target=\"_blank\" data-saferedirecturl=\"https:\/\/www.google.com\/url?q=http:\/\/www.camping-normandie-fanal.fr\/&amp;source=gmail&amp;ust=1594194862995000&amp;usg=AFQjCNGsgOn6ctPES8v7R0mRvrQN76r29A\">http:\/\/www.camping-normandie-<wbr \/>fanal.fr\/<\/a><\/i><\/span><\/span><\/span><\/span><\/td>\n<\/tr>\n<\/tbody>\n<\/table>\n<h2><\/h2>\n<p><span style=\"font-size: 8pt; color: #000000;\">[pa<\/span>rtenaires-sans-pages]<\/p>\n","protected":false},"excerpt":{"rendered":"<p>OTI Omaha Beach Ancienne RN13 14710 FORMIGNY T\u00e9l : 02 31 51 39 52 contact@oti-omaha.fr http:\/\/www.isigny-grandcamp-intercom.fr\/ OTI Bayeux Rue Saint-Jean 14400 Bayeux T\u00e9l : 02.31.51.28.28 info@bayeux-tourism.com http:\/\/bayeux-bessin-tourisme.com Calvados Attractivit\u00e9 8 rue Renoir 14054 Caen cedex 4 T\u00e9l :\u00a002 31 27 &hellip; <a href=\"https:\/\/www.musee-memorial-omaha.com\/en\/practical-information\/nos-autres-partenaires\/\">Continue reading<\/a><\/p>\n","protected":false},"author":1,"featured_media":0,"parent":197,"menu_order":22,"comment_status":"open","ping_status":"closed","template":"","meta":{"_acf_changed":false,"footnotes":""},"class_list":["post-159","page","type-page","status-publish","hentry"],"acf":[],"yoast_head":"<!-- This site is optimized with the Yoast SEO plugin v24.9 - https:\/\/yoast.com\/wordpress\/plugins\/seo\/ -->\n<title>Nos partenaires - Mus\u00e9e M\u00e9morial d&#039;Omaha beach<\/title>\n<meta name=\"robots\" content=\"index, follow, max-snippet:-1, max-image-preview:large, max-video-preview:-1\" \/>\n<link rel=\"canonical\" href=\"https:\/\/www.musee-memorial-omaha.fr\/en\/practical-information\/nos-autres-partenaires\/\" \/>\n<meta property=\"og:locale\" content=\"en_US\" \/>\n<meta property=\"og:type\" content=\"article\" \/>\n<meta property=\"og:title\" content=\"Nos partenaires - Mus\u00e9e M\u00e9morial d&#039;Omaha beach\" \/>\n<meta property=\"og:description\" content=\"OTI Omaha Beach Ancienne RN13 14710 FORMIGNY T\u00e9l : 02 31 51 39 52 contact@oti-omaha.fr http:\/\/www.isigny-grandcamp-intercom.fr\/ OTI Bayeux Rue Saint-Jean 14400 Bayeux T\u00e9l : 02.31.51.28.28 info@bayeux-tourism.com http:\/\/bayeux-bessin-tourisme.com Calvados Attractivit\u00e9 8 rue Renoir 14054 Caen cedex 4 T\u00e9l :\u00a002 31 27 &hellip; Continue reading\" \/>\n<meta property=\"og:url\" content=\"https:\/\/www.musee-memorial-omaha.fr\/en\/practical-information\/nos-autres-partenaires\/\" \/>\n<meta property=\"og:site_name\" content=\"Mus\u00e9e M\u00e9morial d&#039;Omaha beach\" \/>\n<meta property=\"article:modified_time\" content=\"2022-04-11T09:18:36+00:00\" \/>\n<meta property=\"og:image\" content=\"http:\/\/www.musee-memorial-omaha.com\/wp-content\/uploads\/2014\/06\/logoisignyomaha-e1582893509271.png\" \/>\n<meta name=\"twitter:label1\" content=\"Est. reading time\" \/>\n\t<meta name=\"twitter:data1\" content=\"1 minute\" \/>\n<script type=\"application\/ld+json\" class=\"yoast-schema-graph\">{\"@context\":\"https:\/\/schema.org\",\"@graph\":[{\"@type\":\"WebPage\",\"@id\":\"https:\/\/www.musee-memorial-omaha.fr\/en\/practical-information\/nos-autres-partenaires\/\",\"url\":\"https:\/\/www.musee-memorial-omaha.fr\/en\/practical-information\/nos-autres-partenaires\/\",\"name\":\"Nos partenaires - Mus\u00e9e M\u00e9morial d&#039;Omaha beach\",\"isPartOf\":{\"@id\":\"https:\/\/www.musee-memorial-omaha.com\/#website\"},\"primaryImageOfPage\":{\"@id\":\"https:\/\/www.musee-memorial-omaha.fr\/en\/practical-information\/nos-autres-partenaires\/#primaryimage\"},\"image\":{\"@id\":\"https:\/\/www.musee-memorial-omaha.fr\/en\/practical-information\/nos-autres-partenaires\/#primaryimage\"},\"thumbnailUrl\":\"http:\/\/www.musee-memorial-omaha.com\/wp-content\/uploads\/2014\/06\/logoisignyomaha-e1582893509271.png\",\"datePublished\":\"2014-06-02T10:56:49+00:00\",\"dateModified\":\"2022-04-11T09:18:36+00:00\",\"breadcrumb\":{\"@id\":\"https:\/\/www.musee-memorial-omaha.fr\/en\/practical-information\/nos-autres-partenaires\/#breadcrumb\"},\"inLanguage\":\"en-US\",\"potentialAction\":[{\"@type\":\"ReadAction\",\"target\":[\"https:\/\/www.musee-memorial-omaha.fr\/en\/practical-information\/nos-autres-partenaires\/\"]}]},{\"@type\":\"ImageObject\",\"inLanguage\":\"en-US\",\"@id\":\"https:\/\/www.musee-memorial-omaha.fr\/en\/practical-information\/nos-autres-partenaires\/#primaryimage\",\"url\":\"http:\/\/www.musee-memorial-omaha.com\/wp-content\/uploads\/2014\/06\/logoisignyomaha-e1582893509271.png\",\"contentUrl\":\"http:\/\/www.musee-memorial-omaha.com\/wp-content\/uploads\/2014\/06\/logoisignyomaha-e1582893509271.png\"},{\"@type\":\"BreadcrumbList\",\"@id\":\"https:\/\/www.musee-memorial-omaha.fr\/en\/practical-information\/nos-autres-partenaires\/#breadcrumb\",\"itemListElement\":[{\"@type\":\"ListItem\",\"position\":1,\"name\":\"Home\",\"item\":\"https:\/\/www.musee-memorial-omaha.fr\/en\/home\/\"},{\"@type\":\"ListItem\",\"position\":2,\"name\":\"Practical Information\",\"item\":\"https:\/\/www.musee-memorial-omaha.fr\/en\/practical-information\/\"},{\"@type\":\"ListItem\",\"position\":3,\"name\":\"Nos partenaires\"}]},{\"@type\":\"WebSite\",\"@id\":\"https:\/\/www.musee-memorial-omaha.com\/#website\",\"url\":\"https:\/\/www.musee-memorial-omaha.com\/\",\"name\":\"Mus\u00e9e M\u00e9morial d&#039;Omaha beach\",\"description\":\"\",\"potentialAction\":[{\"@type\":\"SearchAction\",\"target\":{\"@type\":\"EntryPoint\",\"urlTemplate\":\"https:\/\/www.musee-memorial-omaha.com\/?s={search_term_string}\"},\"query-input\":{\"@type\":\"PropertyValueSpecification\",\"valueRequired\":true,\"valueName\":\"search_term_string\"}}],\"inLanguage\":\"en-US\"}]}<\/script>\n<!-- \/ Yoast SEO plugin. -->","yoast_head_json":{"title":"Nos partenaires - Mus\u00e9e M\u00e9morial d&#039;Omaha beach","robots":{"index":"index","follow":"follow","max-snippet":"max-snippet:-1","max-image-preview":"max-image-preview:large","max-video-preview":"max-video-preview:-1"},"canonical":"https:\/\/www.musee-memorial-omaha.fr\/en\/practical-information\/nos-autres-partenaires\/","og_locale":"en_US","og_type":"article","og_title":"Nos partenaires - Mus\u00e9e M\u00e9morial d&#039;Omaha beach","og_description":"OTI Omaha Beach Ancienne RN13 14710 FORMIGNY T\u00e9l : 02 31 51 39 52 contact@oti-omaha.fr http:\/\/www.isigny-grandcamp-intercom.fr\/ OTI Bayeux Rue Saint-Jean 14400 Bayeux T\u00e9l : 02.31.51.28.28 info@bayeux-tourism.com http:\/\/bayeux-bessin-tourisme.com Calvados Attractivit\u00e9 8 rue Renoir 14054 Caen cedex 4 T\u00e9l :\u00a002 31 27 &hellip; Continue reading","og_url":"https:\/\/www.musee-memorial-omaha.fr\/en\/practical-information\/nos-autres-partenaires\/","og_site_name":"Mus\u00e9e M\u00e9morial d&#039;Omaha beach","article_modified_time":"2022-04-11T09:18:36+00:00","og_image":[{"url":"http:\/\/www.musee-memorial-omaha.com\/wp-content\/uploads\/2014\/06\/logoisignyomaha-e1582893509271.png","type":"","width":"","height":""}],"twitter_misc":{"Est. reading time":"1 minute"},"schema":{"@context":"https:\/\/schema.org","@graph":[{"@type":"WebPage","@id":"https:\/\/www.musee-memorial-omaha.fr\/en\/practical-information\/nos-autres-partenaires\/","url":"https:\/\/www.musee-memorial-omaha.fr\/en\/practical-information\/nos-autres-partenaires\/","name":"Nos partenaires - Mus\u00e9e M\u00e9morial d&#039;Omaha beach","isPartOf":{"@id":"https:\/\/www.musee-memorial-omaha.com\/#website"},"primaryImageOfPage":{"@id":"https:\/\/www.musee-memorial-omaha.fr\/en\/practical-information\/nos-autres-partenaires\/#primaryimage"},"image":{"@id":"https:\/\/www.musee-memorial-omaha.fr\/en\/practical-information\/nos-autres-partenaires\/#primaryimage"},"thumbnailUrl":"http:\/\/www.musee-memorial-omaha.com\/wp-content\/uploads\/2014\/06\/logoisignyomaha-e1582893509271.png","datePublished":"2014-06-02T10:56:49+00:00","dateModified":"2022-04-11T09:18:36+00:00","breadcrumb":{"@id":"https:\/\/www.musee-memorial-omaha.fr\/en\/practical-information\/nos-autres-partenaires\/#breadcrumb"},"inLanguage":"en-US","potentialAction":[{"@type":"ReadAction","target":["https:\/\/www.musee-memorial-omaha.fr\/en\/practical-information\/nos-autres-partenaires\/"]}]},{"@type":"ImageObject","inLanguage":"en-US","@id":"https:\/\/www.musee-memorial-omaha.fr\/en\/practical-information\/nos-autres-partenaires\/#primaryimage","url":"http:\/\/www.musee-memorial-omaha.com\/wp-content\/uploads\/2014\/06\/logoisignyomaha-e1582893509271.png","contentUrl":"http:\/\/www.musee-memorial-omaha.com\/wp-content\/uploads\/2014\/06\/logoisignyomaha-e1582893509271.png"},{"@type":"BreadcrumbList","@id":"https:\/\/www.musee-memorial-omaha.fr\/en\/practical-information\/nos-autres-partenaires\/#breadcrumb","itemListElement":[{"@type":"ListItem","position":1,"name":"Home","item":"https:\/\/www.musee-memorial-omaha.fr\/en\/home\/"},{"@type":"ListItem","position":2,"name":"Practical Information","item":"https:\/\/www.musee-memorial-omaha.fr\/en\/practical-information\/"},{"@type":"ListItem","position":3,"name":"Nos partenaires"}]},{"@type":"WebSite","@id":"https:\/\/www.musee-memorial-omaha.com\/#website","url":"https:\/\/www.musee-memorial-omaha.com\/","name":"Mus\u00e9e M\u00e9morial d&#039;Omaha beach","description":"","potentialAction":[{"@type":"SearchAction","target":{"@type":"EntryPoint","urlTemplate":"https:\/\/www.musee-memorial-omaha.com\/?s={search_term_string}"},"query-input":{"@type":"PropertyValueSpecification","valueRequired":true,"valueName":"search_term_string"}}],"inLanguage":"en-US"}]}},"_links":{"self":[{"href":"https:\/\/www.musee-memorial-omaha.com\/en\/wp-json\/wp\/v2\/pages\/159","targetHints":{"allow":["GET"]}}],"collection":[{"href":"https:\/\/www.musee-memorial-omaha.com\/en\/wp-json\/wp\/v2\/pages"}],"about":[{"href":"https:\/\/www.musee-memorial-omaha.com\/en\/wp-json\/wp\/v2\/types\/page"}],"author":[{"embeddable":true,"href":"https:\/\/www.musee-memorial-omaha.com\/en\/wp-json\/wp\/v2\/users\/1"}],"replies":[{"embeddable":true,"href":"https:\/\/www.musee-memorial-omaha.com\/en\/wp-json\/wp\/v2\/comments?post=159"}],"version-history":[{"count":0,"href":"https:\/\/www.musee-memorial-omaha.com\/en\/wp-json\/wp\/v2\/pages\/159\/revisions"}],"up":[{"embeddable":true,"href":"https:\/\/www.musee-memorial-omaha.com\/en\/wp-json\/wp\/v2\/pages\/197"}],"wp:attachment":[{"href":"https:\/\/www.musee-memorial-omaha.com\/en\/wp-json\/wp\/v2\/media?parent=159"}],"curies":[{"name":"wp","href":"https:\/\/api.w.org\/{rel}","templated":true}]}}