{"id":163,"date":"2014-05-20T16:11:23","date_gmt":"2014-05-20T15:11:23","guid":{"rendered":"http:\/\/www.musee-memorial-omaha.com\/\/museum\/presentation-du-musee\/"},"modified":"2022-04-02T15:16:59","modified_gmt":"2022-04-02T14:16:59","slug":"presentation-of-the-museum","status":"publish","type":"page","link":"https:\/\/www.musee-memorial-omaha.com\/en\/the-museum\/presentation-of-the-museum\/","title":{"rendered":"Presentation of the museum"},"content":{"rendered":"<p style=\"text-align: justify;\"><strong>The 1400m\u00b2 museum showcases an important collection of uniforms, vehicles, personal objects, weapons.<\/strong>\u00a0Many reconsitutions of Amercian and German service life dive you into the heart of the D-day story permitting a peep into the daily lives of all those who landed to liberate us and to whom we owe our profound respect. Superb archival photographs and explanatory notes on the landing at Omaha. Thematic signs depicting all the phases of the period of the occupation until the landing.\u00a0During the visit a film featuring American veteran&#8217;s testimonies, will guide you through the story of the D-day landing on Omaha and Point du Hoc.<\/p>\n<p>All various items belonging to soldiers, many of which are personal and were in everyday use.<\/p>\n<p>The Museum Collection has been richly endowed and is constantly evolving.<\/p>\n<p><strong>The museum is suitable for children. Self-guided tour. Visit duration: 1 hour.<\/strong><\/p>\n<table>\n<tbody>\n<tr>\n<td><a href=\"http:\/\/www.musee-memorial-omaha.com\/wp-content\/uploads\/2017\/11\/2-entree_exterieur_musee_omaha.jpg\"><img loading=\"lazy\" decoding=\"async\" class=\"alignright wp-image-2985\" src=\"http:\/\/www.musee-memorial-omaha.com\/wp-content\/uploads\/2017\/11\/2-entree_exterieur_musee_omaha.jpg\" alt=\"Entr\u00e9e mus\u00e9e m\u00e9morial Omaha Beach\" width=\"267\" height=\"200\" srcset=\"https:\/\/www.musee-memorial-omaha.com\/wp-content\/uploads\/2017\/11\/2-entree_exterieur_musee_omaha.jpg 1000w, https:\/\/www.musee-memorial-omaha.com\/wp-content\/uploads\/2017\/11\/2-entree_exterieur_musee_omaha-300x225.jpg 300w, https:\/\/www.musee-memorial-omaha.com\/wp-content\/uploads\/2017\/11\/2-entree_exterieur_musee_omaha-200x150.jpg 200w\" sizes=\"auto, (max-width: 267px) 100vw, 267px\" \/><\/a><\/td>\n<td colspan=\"2\"><a href=\"http:\/\/www.musee-memorial-omaha.com\/wp-content\/uploads\/2014\/05\/exterieur-musee-agrandissement.jpg\"><img loading=\"lazy\" decoding=\"async\" class=\"alignleft size-medium wp-image-5111\" src=\"http:\/\/www.musee-memorial-omaha.com\/wp-content\/uploads\/2014\/05\/exterieur-musee-agrandissement-300x225.jpg\" alt=\"Exterieur-musee-agrandissement\" width=\"300\" height=\"225\" srcset=\"https:\/\/www.musee-memorial-omaha.com\/wp-content\/uploads\/2014\/05\/exterieur-musee-agrandissement-300x225.jpg 300w, https:\/\/www.musee-memorial-omaha.com\/wp-content\/uploads\/2014\/05\/exterieur-musee-agrandissement-200x150.jpg 200w, https:\/\/www.musee-memorial-omaha.com\/wp-content\/uploads\/2014\/05\/exterieur-musee-agrandissement.jpg 1000w\" sizes=\"auto, (max-width: 300px) 100vw, 300px\" \/><\/a><\/td>\n<\/tr>\n<tr>\n<td><a href=\"http:\/\/www.musee-memorial-omaha.com\/wp-content\/uploads\/2014\/05\/n\u00b07.jpg\"><img loading=\"lazy\" decoding=\"async\" class=\"alignleft wp-image-230\" src=\"http:\/\/www.musee-memorial-omaha.com\/wp-content\/uploads\/2014\/05\/n\u00b07-300x225.jpg\" alt=\"Char Sherman Mus\u00e9e M\u00e9morial Omaha Beach Ext\u00e9rieur\" width=\"267\" height=\"200\" srcset=\"https:\/\/www.musee-memorial-omaha.com\/wp-content\/uploads\/2014\/05\/n\u00b07-300x225.jpg 300w, https:\/\/www.musee-memorial-omaha.com\/wp-content\/uploads\/2014\/05\/n\u00b07-1024x768.jpg 1024w, https:\/\/www.musee-memorial-omaha.com\/wp-content\/uploads\/2014\/05\/n\u00b07-200x150.jpg 200w, https:\/\/www.musee-memorial-omaha.com\/wp-content\/uploads\/2014\/05\/n\u00b07.jpg 1600w\" sizes=\"auto, (max-width: 267px) 100vw, 267px\" \/><\/a><\/td>\n<td><a href=\"http:\/\/www.musee-memorial-omaha.com\/wp-content\/uploads\/2014\/05\/n\u00b08.jpg\"><img loading=\"lazy\" decoding=\"async\" class=\"aligncenter wp-image-231\" src=\"http:\/\/www.musee-memorial-omaha.com\/wp-content\/uploads\/2014\/05\/n\u00b08-300x200.jpg\" alt=\"Canon Long Tom \" width=\"284\" height=\"200\" \/><\/a><\/td>\n<td><a href=\"http:\/\/www.musee-memorial-omaha.com\/wp-content\/uploads\/2014\/05\/n\u00b09.jpg\"><img loading=\"lazy\" decoding=\"async\" class=\"alignleft wp-image-232\" src=\"http:\/\/www.musee-memorial-omaha.com\/wp-content\/uploads\/2014\/05\/n\u00b09-300x225.jpg\" alt=\"Barge LCVP Jeep \" width=\"267\" height=\"200\" srcset=\"https:\/\/www.musee-memorial-omaha.com\/wp-content\/uploads\/2014\/05\/n\u00b09-300x225.jpg 300w, https:\/\/www.musee-memorial-omaha.com\/wp-content\/uploads\/2014\/05\/n\u00b09-1024x768.jpg 1024w, https:\/\/www.musee-memorial-omaha.com\/wp-content\/uploads\/2014\/05\/n\u00b09-200x150.jpg 200w, https:\/\/www.musee-memorial-omaha.com\/wp-content\/uploads\/2014\/05\/n\u00b09.jpg 1600w\" sizes=\"auto, (max-width: 267px) 100vw, 267px\" \/><\/a><\/td>\n<\/tr>\n<tr>\n<td colspan=\"2\"><a href=\"http:\/\/www.musee-memorial-omaha.com\/wp-content\/uploads\/2017\/11\/3-entree_musee_omaha_bunker_wn65.jpg\"><img loading=\"lazy\" decoding=\"async\" class=\"alignright wp-image-2986\" src=\"http:\/\/www.musee-memorial-omaha.com\/wp-content\/uploads\/2017\/11\/3-entree_musee_omaha_bunker_wn65.jpg\" alt=\"Entr\u00e9e mus\u00e9e WN65\" width=\"570\" height=\"200\" srcset=\"https:\/\/www.musee-memorial-omaha.com\/wp-content\/uploads\/2017\/11\/3-entree_musee_omaha_bunker_wn65.jpg 1000w, https:\/\/www.musee-memorial-omaha.com\/wp-content\/uploads\/2017\/11\/3-entree_musee_omaha_bunker_wn65-300x105.jpg 300w, https:\/\/www.musee-memorial-omaha.com\/wp-content\/uploads\/2017\/11\/3-entree_musee_omaha_bunker_wn65-200x70.jpg 200w\" sizes=\"auto, (max-width: 570px) 100vw, 570px\" \/><\/a><\/td>\n<td><a href=\"http:\/\/www.musee-memorial-omaha.com\/wp-content\/uploads\/2022\/03\/bunker2021.jpg\"><img loading=\"lazy\" decoding=\"async\" class=\"alignleft wp-image-8380 size-large\" src=\"http:\/\/www.musee-memorial-omaha.com\/wp-content\/uploads\/2022\/03\/bunker2021-1024x768.jpg\" alt=\"\" width=\"640\" height=\"480\" srcset=\"https:\/\/www.musee-memorial-omaha.com\/wp-content\/uploads\/2022\/03\/bunker2021-1024x768.jpg 1024w, https:\/\/www.musee-memorial-omaha.com\/wp-content\/uploads\/2022\/03\/bunker2021-300x225.jpg 300w, https:\/\/www.musee-memorial-omaha.com\/wp-content\/uploads\/2022\/03\/bunker2021-200x150.jpg 200w, https:\/\/www.musee-memorial-omaha.com\/wp-content\/uploads\/2022\/03\/bunker2021.jpg 2016w\" sizes=\"auto, (max-width: 640px) 100vw, 640px\" \/><\/a><\/td>\n<\/tr>\n<tr>\n<td><img loading=\"lazy\" decoding=\"async\" class=\"aligncenter wp-image-3035\" src=\"http:\/\/www.musee-memorial-omaha.com\/wp-content\/uploads\/2014\/05\/vitrines_panneau1.jpg\" alt=\"Vitrine et panneaux explicatifs Mus\u00e9e M\u00e9morial Omaha Beach\" width=\"260\" height=\"200\" srcset=\"https:\/\/www.musee-memorial-omaha.com\/wp-content\/uploads\/2014\/05\/vitrines_panneau1.jpg 1000w, https:\/\/www.musee-memorial-omaha.com\/wp-content\/uploads\/2014\/05\/vitrines_panneau1-300x230.jpg 300w, https:\/\/www.musee-memorial-omaha.com\/wp-content\/uploads\/2014\/05\/vitrines_panneau1-200x153.jpg 200w\" sizes=\"auto, (max-width: 260px) 100vw, 260px\" \/><\/td>\n<td><img loading=\"lazy\" decoding=\"async\" class=\"aligncenter wp-image-2988\" src=\"http:\/\/www.musee-memorial-omaha.com\/wp-content\/uploads\/2017\/11\/5-occupation_musee_omaha.jpg\" alt=\"Sc\u00e8ne de l'occupation allemande en Normandie WWII\" width=\"160\" height=\"200\" srcset=\"https:\/\/www.musee-memorial-omaha.com\/wp-content\/uploads\/2017\/11\/5-occupation_musee_omaha.jpg 802w, https:\/\/www.musee-memorial-omaha.com\/wp-content\/uploads\/2017\/11\/5-occupation_musee_omaha-240x300.jpg 240w, https:\/\/www.musee-memorial-omaha.com\/wp-content\/uploads\/2017\/11\/5-occupation_musee_omaha-160x200.jpg 160w\" sizes=\"auto, (max-width: 160px) 100vw, 160px\" \/><\/td>\n<td><img loading=\"lazy\" decoding=\"async\" class=\"alignleft wp-image-2992\" src=\"http:\/\/www.musee-memorial-omaha.com\/wp-content\/uploads\/2017\/11\/dogtag_criquet_wwii_musee_omaha.jpg\" alt=\"Dogtag et criquet US WWII\" width=\"267\" height=\"200\" srcset=\"https:\/\/www.musee-memorial-omaha.com\/wp-content\/uploads\/2017\/11\/dogtag_criquet_wwii_musee_omaha.jpg 1000w, https:\/\/www.musee-memorial-omaha.com\/wp-content\/uploads\/2017\/11\/dogtag_criquet_wwii_musee_omaha-300x225.jpg 300w, https:\/\/www.musee-memorial-omaha.com\/wp-content\/uploads\/2017\/11\/dogtag_criquet_wwii_musee_omaha-200x150.jpg 200w\" sizes=\"auto, (max-width: 267px) 100vw, 267px\" \/><\/td>\n<\/tr>\n<tr>\n<td><a href=\"http:\/\/www.musee-memorial-omaha.com\/wp-content\/uploads\/2014\/05\/n\u00b06.jpg\"><img loading=\"lazy\" decoding=\"async\" class=\"alignleft wp-image-229\" src=\"http:\/\/www.musee-memorial-omaha.com\/wp-content\/uploads\/2014\/05\/n\u00b06-300x225.jpg\" alt=\"N\u00b06\" width=\"267\" height=\"200\" srcset=\"https:\/\/www.musee-memorial-omaha.com\/wp-content\/uploads\/2014\/05\/n\u00b06-300x225.jpg 300w, https:\/\/www.musee-memorial-omaha.com\/wp-content\/uploads\/2014\/05\/n\u00b06-1024x768.jpg 1024w, https:\/\/www.musee-memorial-omaha.com\/wp-content\/uploads\/2014\/05\/n\u00b06-200x150.jpg 200w, https:\/\/www.musee-memorial-omaha.com\/wp-content\/uploads\/2014\/05\/n\u00b06.jpg 1600w\" sizes=\"auto, (max-width: 267px) 100vw, 267px\" \/><\/a><\/td>\n<td><a href=\"http:\/\/www.musee-memorial-omaha.com\/wp-content\/uploads\/2014\/05\/scene_2_5.jpg\"><img loading=\"lazy\" decoding=\"async\" class=\"aligncenter wp-image-185\" src=\"http:\/\/www.musee-memorial-omaha.com\/wp-content\/uploads\/2014\/05\/scene_2_5.jpg\" alt=\"Chaussures_objets_vie_tous_les_jours_occupation\" width=\"318\" height=\"200\" srcset=\"https:\/\/www.musee-memorial-omaha.com\/wp-content\/uploads\/2014\/05\/scene_2_5.jpg 250w, https:\/\/www.musee-memorial-omaha.com\/wp-content\/uploads\/2014\/05\/scene_2_5-200x125.jpg 200w\" sizes=\"auto, (max-width: 318px) 100vw, 318px\" \/><\/a><\/td>\n<td><a href=\"http:\/\/www.musee-memorial-omaha.com\/wp-content\/uploads\/2017\/11\/pointe_du_hoc_wwii_musee_omaha.jpg\"><img loading=\"lazy\" decoding=\"async\" class=\"alignleft wp-image-2995\" src=\"http:\/\/www.musee-memorial-omaha.com\/wp-content\/uploads\/2017\/11\/pointe_du_hoc_wwii_musee_omaha.jpg\" alt=\"Pointe du Hoc Rangers USA WWII\" width=\"267\" height=\"200\" srcset=\"https:\/\/www.musee-memorial-omaha.com\/wp-content\/uploads\/2017\/11\/pointe_du_hoc_wwii_musee_omaha.jpg 1000w, https:\/\/www.musee-memorial-omaha.com\/wp-content\/uploads\/2017\/11\/pointe_du_hoc_wwii_musee_omaha-300x225.jpg 300w, https:\/\/www.musee-memorial-omaha.com\/wp-content\/uploads\/2017\/11\/pointe_du_hoc_wwii_musee_omaha-200x150.jpg 200w\" sizes=\"auto, (max-width: 267px) 100vw, 267px\" \/><\/a><\/td>\n<\/tr>\n<tr>\n<td><a href=\"http:\/\/www.musee-memorial-omaha.com\/wp-content\/uploads\/2017\/11\/6-ambulance_us_wwii_musee_omaha.jpg\"><img loading=\"lazy\" decoding=\"async\" class=\"alignleft wp-image-2989\" src=\"http:\/\/www.musee-memorial-omaha.com\/wp-content\/uploads\/2017\/11\/6-ambulance_us_wwii_musee_omaha.jpg\" alt=\"Ambulance am\u00e9ricaine WWII Normandie\" width=\"267\" height=\"200\" srcset=\"https:\/\/www.musee-memorial-omaha.com\/wp-content\/uploads\/2017\/11\/6-ambulance_us_wwii_musee_omaha.jpg 1000w, https:\/\/www.musee-memorial-omaha.com\/wp-content\/uploads\/2017\/11\/6-ambulance_us_wwii_musee_omaha-300x225.jpg 300w, https:\/\/www.musee-memorial-omaha.com\/wp-content\/uploads\/2017\/11\/6-ambulance_us_wwii_musee_omaha-200x150.jpg 200w\" sizes=\"auto, (max-width: 267px) 100vw, 267px\" \/><\/a><\/td>\n<td><a href=\"http:\/\/www.musee-memorial-omaha.com\/wp-content\/uploads\/2017\/11\/7-camp_soldat_us_wwii_musee_omaha.jpg\"><img loading=\"lazy\" decoding=\"async\" class=\"aligncenter wp-image-2990\" src=\"http:\/\/www.musee-memorial-omaha.com\/wp-content\/uploads\/2017\/11\/7-camp_soldat_us_wwii_musee_omaha.jpg\" alt=\"Camp soldat am\u00e9ricains Normandie WWII\" width=\"267\" height=\"200\" srcset=\"https:\/\/www.musee-memorial-omaha.com\/wp-content\/uploads\/2017\/11\/7-camp_soldat_us_wwii_musee_omaha.jpg 1000w, https:\/\/www.musee-memorial-omaha.com\/wp-content\/uploads\/2017\/11\/7-camp_soldat_us_wwii_musee_omaha-300x225.jpg 300w, https:\/\/www.musee-memorial-omaha.com\/wp-content\/uploads\/2017\/11\/7-camp_soldat_us_wwii_musee_omaha-200x150.jpg 200w\" sizes=\"auto, (max-width: 267px) 100vw, 267px\" \/><\/a><\/td>\n<td><a href=\"http:\/\/www.musee-memorial-omaha.com\/wp-content\/uploads\/2014\/05\/salle-projection.png\"><img loading=\"lazy\" decoding=\"async\" class=\"alignleft wp-image-5297 size-medium\" src=\"http:\/\/www.musee-memorial-omaha.com\/wp-content\/uploads\/2014\/05\/salle-projection-300x163.png\" alt=\"Salle Projection\" width=\"300\" height=\"163\" srcset=\"https:\/\/www.musee-memorial-omaha.com\/wp-content\/uploads\/2014\/05\/salle-projection-300x163.png 300w, https:\/\/www.musee-memorial-omaha.com\/wp-content\/uploads\/2014\/05\/salle-projection-200x109.png 200w, https:\/\/www.musee-memorial-omaha.com\/wp-content\/uploads\/2014\/05\/salle-projection.png 1000w\" sizes=\"auto, (max-width: 300px) 100vw, 300px\" \/><\/a><\/td>\n<\/tr>\n<\/tbody>\n<\/table>\n<h2>Gift Shop<\/h2>\n<table>\n<tbody>\n<tr>\n<td>At the entrance, open to all,\u00a0our gift shop is at your disposition with many books in several languages devoted to vital points in the story, tee-shirts, hats, mugs and a range of souvenirs in connection with the site.<\/td>\n<\/tr>\n<tr>\n<td style=\"text-align: center;\"><a href=\"http:\/\/www.musee-memorial-omaha.com\/wp-content\/uploads\/2014\/05\/p1050554.jpg\"><img loading=\"lazy\" decoding=\"async\" class=\"alignnone size-large wp-image-4740\" src=\"http:\/\/www.musee-memorial-omaha.com\/wp-content\/uploads\/2014\/05\/p1050554-1024x344.jpg\" alt=\"Boutique\" width=\"640\" height=\"215\" srcset=\"https:\/\/www.musee-memorial-omaha.com\/wp-content\/uploads\/2014\/05\/p1050554-1024x344.jpg 1024w, https:\/\/www.musee-memorial-omaha.com\/wp-content\/uploads\/2014\/05\/p1050554-300x100.jpg 300w, https:\/\/www.musee-memorial-omaha.com\/wp-content\/uploads\/2014\/05\/p1050554-200x67.jpg 200w\" sizes=\"auto, (max-width: 640px) 100vw, 640px\" \/><\/a><\/td>\n<\/tr>\n<\/tbody>\n<\/table>\n<script type=\"text\/javascript\" src=\"https:\/\/www.musee-memorial-omaha.com\/wp-content\/themes\/omaha_beach\/panos\/debarquement\/swfobject.js\"><\/script>\n                <script type=\"text\/javascript\">\n\n                    var flashvars = {};\n                    var params = {};\n                    params.quality = \"high\";\n                    params.bgcolor = \"#ffffff\";\n                    params.allowscriptaccess = \"sameDomain\";\n                    params.allowfullscreen = \"true\";\n                    params.base=\".\";\n                    var attributes = {};\n                    attributes.id = \"pano\";\n                    attributes.name = \"pano\";\n                    attributes.align = \"middle\";\n                    swfobject.embedSWF(\n                        \"https:\/\/www.musee-memorial-omaha.com\/wp-content\/themes\/omaha_beach\/panos\/debarquement\/sc%C3%A8ne%20Dbqt%20pour%20diapo_out.swf\", \"pano-debarquement\",\n                        \"940\", \"300\",\n                        \"9.0.0\", \"expressInstall.swf\",\n                        flashvars, params, attributes);\n\n                <\/script>\n            <div class=\"pano\"><div id=\"pano-debarquement\">\n                  <p><a href=\"http:\/\/www.adobe.com\/go\/getflashplayer\"><img decoding=\"async\" src=\"http:\/\/www.adobe.com\/images\/shared\/download_buttons\/get_flash_player.gif\" alt=\"Get Adobe Flash player\" \/><\/a><\/p>\n                  <\/div><\/div>\n<p>&nbsp;<\/p>\n","protected":false},"excerpt":{"rendered":"<p>The 1400m\u00b2 museum showcases an important collection of uniforms, vehicles, personal objects, weapons.\u00a0Many reconsitutions of Amercian and German service life dive you into the heart of the D-day story permitting a peep into the daily lives of all those who &hellip; <a href=\"https:\/\/www.musee-memorial-omaha.com\/en\/the-museum\/presentation-of-the-museum\/\">Continue reading<\/a><\/p>\n","protected":false},"author":1,"featured_media":0,"parent":160,"menu_order":0,"comment_status":"open","ping_status":"open","template":"","meta":{"_acf_changed":false,"footnotes":""},"class_list":["post-163","page","type-page","status-publish","hentry"],"acf":[],"yoast_head":"<!-- This site is optimized with the Yoast SEO plugin v24.9 - https:\/\/yoast.com\/wordpress\/plugins\/seo\/ -->\n<title>Presentation of the museum - Mus\u00e9e M\u00e9morial d&#039;Omaha beach<\/title>\n<meta name=\"robots\" content=\"index, follow, max-snippet:-1, max-image-preview:large, max-video-preview:-1\" \/>\n<link rel=\"canonical\" href=\"https:\/\/www.musee-memorial-omaha.fr\/en\/the-museum\/presentation-of-the-museum\/\" \/>\n<meta property=\"og:locale\" content=\"en_US\" \/>\n<meta property=\"og:type\" content=\"article\" \/>\n<meta property=\"og:title\" content=\"Presentation of the museum - Mus\u00e9e M\u00e9morial d&#039;Omaha beach\" \/>\n<meta property=\"og:description\" content=\"The 1400m\u00b2 museum showcases an important collection of uniforms, vehicles, personal objects, weapons.\u00a0Many reconsitutions of Amercian and German service life dive you into the heart of the D-day story permitting a peep into the daily lives of all those who &hellip; Continue reading\" \/>\n<meta property=\"og:url\" content=\"https:\/\/www.musee-memorial-omaha.fr\/en\/the-museum\/presentation-of-the-museum\/\" \/>\n<meta property=\"og:site_name\" content=\"Mus\u00e9e M\u00e9morial d&#039;Omaha beach\" \/>\n<meta property=\"article:modified_time\" content=\"2022-04-02T14:16:59+00:00\" \/>\n<meta property=\"og:image\" content=\"http:\/\/www.musee-memorial-omaha.com\/wp-content\/uploads\/2017\/11\/2-entree_exterieur_musee_omaha.jpg\" \/>\n<meta name=\"twitter:label1\" content=\"Est. reading time\" \/>\n\t<meta name=\"twitter:data1\" content=\"1 minute\" \/>\n<script type=\"application\/ld+json\" class=\"yoast-schema-graph\">{\"@context\":\"https:\/\/schema.org\",\"@graph\":[{\"@type\":\"WebPage\",\"@id\":\"https:\/\/www.musee-memorial-omaha.fr\/en\/the-museum\/presentation-of-the-museum\/\",\"url\":\"https:\/\/www.musee-memorial-omaha.fr\/en\/the-museum\/presentation-of-the-museum\/\",\"name\":\"Presentation of the museum - Mus\u00e9e M\u00e9morial d&#039;Omaha beach\",\"isPartOf\":{\"@id\":\"https:\/\/www.musee-memorial-omaha.com\/#website\"},\"primaryImageOfPage\":{\"@id\":\"https:\/\/www.musee-memorial-omaha.fr\/en\/the-museum\/presentation-of-the-museum\/#primaryimage\"},\"image\":{\"@id\":\"https:\/\/www.musee-memorial-omaha.fr\/en\/the-museum\/presentation-of-the-museum\/#primaryimage\"},\"thumbnailUrl\":\"http:\/\/www.musee-memorial-omaha.com\/wp-content\/uploads\/2017\/11\/2-entree_exterieur_musee_omaha.jpg\",\"datePublished\":\"2014-05-20T15:11:23+00:00\",\"dateModified\":\"2022-04-02T14:16:59+00:00\",\"breadcrumb\":{\"@id\":\"https:\/\/www.musee-memorial-omaha.fr\/en\/the-museum\/presentation-of-the-museum\/#breadcrumb\"},\"inLanguage\":\"en-US\",\"potentialAction\":[{\"@type\":\"ReadAction\",\"target\":[\"https:\/\/www.musee-memorial-omaha.fr\/en\/the-museum\/presentation-of-the-museum\/\"]}]},{\"@type\":\"ImageObject\",\"inLanguage\":\"en-US\",\"@id\":\"https:\/\/www.musee-memorial-omaha.fr\/en\/the-museum\/presentation-of-the-museum\/#primaryimage\",\"url\":\"http:\/\/www.musee-memorial-omaha.com\/wp-content\/uploads\/2017\/11\/2-entree_exterieur_musee_omaha.jpg\",\"contentUrl\":\"http:\/\/www.musee-memorial-omaha.com\/wp-content\/uploads\/2017\/11\/2-entree_exterieur_musee_omaha.jpg\"},{\"@type\":\"BreadcrumbList\",\"@id\":\"https:\/\/www.musee-memorial-omaha.fr\/en\/the-museum\/presentation-of-the-museum\/#breadcrumb\",\"itemListElement\":[{\"@type\":\"ListItem\",\"position\":1,\"name\":\"Home\",\"item\":\"https:\/\/www.musee-memorial-omaha.fr\/en\/home\/\"},{\"@type\":\"ListItem\",\"position\":2,\"name\":\"The Museum\",\"item\":\"https:\/\/www.musee-memorial-omaha.fr\/en\/the-museum\/\"},{\"@type\":\"ListItem\",\"position\":3,\"name\":\"Presentation of the museum\"}]},{\"@type\":\"WebSite\",\"@id\":\"https:\/\/www.musee-memorial-omaha.com\/#website\",\"url\":\"https:\/\/www.musee-memorial-omaha.com\/\",\"name\":\"Mus\u00e9e M\u00e9morial d&#039;Omaha beach\",\"description\":\"\",\"potentialAction\":[{\"@type\":\"SearchAction\",\"target\":{\"@type\":\"EntryPoint\",\"urlTemplate\":\"https:\/\/www.musee-memorial-omaha.com\/?s={search_term_string}\"},\"query-input\":{\"@type\":\"PropertyValueSpecification\",\"valueRequired\":true,\"valueName\":\"search_term_string\"}}],\"inLanguage\":\"en-US\"}]}<\/script>\n<!-- \/ Yoast SEO plugin. -->","yoast_head_json":{"title":"Presentation of the museum - Mus\u00e9e M\u00e9morial d&#039;Omaha beach","robots":{"index":"index","follow":"follow","max-snippet":"max-snippet:-1","max-image-preview":"max-image-preview:large","max-video-preview":"max-video-preview:-1"},"canonical":"https:\/\/www.musee-memorial-omaha.fr\/en\/the-museum\/presentation-of-the-museum\/","og_locale":"en_US","og_type":"article","og_title":"Presentation of the museum - Mus\u00e9e M\u00e9morial d&#039;Omaha beach","og_description":"The 1400m\u00b2 museum showcases an important collection of uniforms, vehicles, personal objects, weapons.\u00a0Many reconsitutions of Amercian and German service life dive you into the heart of the D-day story permitting a peep into the daily lives of all those who &hellip; Continue reading","og_url":"https:\/\/www.musee-memorial-omaha.fr\/en\/the-museum\/presentation-of-the-museum\/","og_site_name":"Mus\u00e9e M\u00e9morial d&#039;Omaha beach","article_modified_time":"2022-04-02T14:16:59+00:00","og_image":[{"url":"http:\/\/www.musee-memorial-omaha.com\/wp-content\/uploads\/2017\/11\/2-entree_exterieur_musee_omaha.jpg","type":"","width":"","height":""}],"twitter_misc":{"Est. reading time":"1 minute"},"schema":{"@context":"https:\/\/schema.org","@graph":[{"@type":"WebPage","@id":"https:\/\/www.musee-memorial-omaha.fr\/en\/the-museum\/presentation-of-the-museum\/","url":"https:\/\/www.musee-memorial-omaha.fr\/en\/the-museum\/presentation-of-the-museum\/","name":"Presentation of the museum - Mus\u00e9e M\u00e9morial d&#039;Omaha beach","isPartOf":{"@id":"https:\/\/www.musee-memorial-omaha.com\/#website"},"primaryImageOfPage":{"@id":"https:\/\/www.musee-memorial-omaha.fr\/en\/the-museum\/presentation-of-the-museum\/#primaryimage"},"image":{"@id":"https:\/\/www.musee-memorial-omaha.fr\/en\/the-museum\/presentation-of-the-museum\/#primaryimage"},"thumbnailUrl":"http:\/\/www.musee-memorial-omaha.com\/wp-content\/uploads\/2017\/11\/2-entree_exterieur_musee_omaha.jpg","datePublished":"2014-05-20T15:11:23+00:00","dateModified":"2022-04-02T14:16:59+00:00","breadcrumb":{"@id":"https:\/\/www.musee-memorial-omaha.fr\/en\/the-museum\/presentation-of-the-museum\/#breadcrumb"},"inLanguage":"en-US","potentialAction":[{"@type":"ReadAction","target":["https:\/\/www.musee-memorial-omaha.fr\/en\/the-museum\/presentation-of-the-museum\/"]}]},{"@type":"ImageObject","inLanguage":"en-US","@id":"https:\/\/www.musee-memorial-omaha.fr\/en\/the-museum\/presentation-of-the-museum\/#primaryimage","url":"http:\/\/www.musee-memorial-omaha.com\/wp-content\/uploads\/2017\/11\/2-entree_exterieur_musee_omaha.jpg","contentUrl":"http:\/\/www.musee-memorial-omaha.com\/wp-content\/uploads\/2017\/11\/2-entree_exterieur_musee_omaha.jpg"},{"@type":"BreadcrumbList","@id":"https:\/\/www.musee-memorial-omaha.fr\/en\/the-museum\/presentation-of-the-museum\/#breadcrumb","itemListElement":[{"@type":"ListItem","position":1,"name":"Home","item":"https:\/\/www.musee-memorial-omaha.fr\/en\/home\/"},{"@type":"ListItem","position":2,"name":"The Museum","item":"https:\/\/www.musee-memorial-omaha.fr\/en\/the-museum\/"},{"@type":"ListItem","position":3,"name":"Presentation of the museum"}]},{"@type":"WebSite","@id":"https:\/\/www.musee-memorial-omaha.com\/#website","url":"https:\/\/www.musee-memorial-omaha.com\/","name":"Mus\u00e9e M\u00e9morial d&#039;Omaha beach","description":"","potentialAction":[{"@type":"SearchAction","target":{"@type":"EntryPoint","urlTemplate":"https:\/\/www.musee-memorial-omaha.com\/?s={search_term_string}"},"query-input":{"@type":"PropertyValueSpecification","valueRequired":true,"valueName":"search_term_string"}}],"inLanguage":"en-US"}]}},"_links":{"self":[{"href":"https:\/\/www.musee-memorial-omaha.com\/en\/wp-json\/wp\/v2\/pages\/163","targetHints":{"allow":["GET"]}}],"collection":[{"href":"https:\/\/www.musee-memorial-omaha.com\/en\/wp-json\/wp\/v2\/pages"}],"about":[{"href":"https:\/\/www.musee-memorial-omaha.com\/en\/wp-json\/wp\/v2\/types\/page"}],"author":[{"embeddable":true,"href":"https:\/\/www.musee-memorial-omaha.com\/en\/wp-json\/wp\/v2\/users\/1"}],"replies":[{"embeddable":true,"href":"https:\/\/www.musee-memorial-omaha.com\/en\/wp-json\/wp\/v2\/comments?post=163"}],"version-history":[{"count":0,"href":"https:\/\/www.musee-memorial-omaha.com\/en\/wp-json\/wp\/v2\/pages\/163\/revisions"}],"up":[{"embeddable":true,"href":"https:\/\/www.musee-memorial-omaha.com\/en\/wp-json\/wp\/v2\/pages\/160"}],"wp:attachment":[{"href":"https:\/\/www.musee-memorial-omaha.com\/en\/wp-json\/wp\/v2\/media?parent=163"}],"curies":[{"name":"wp","href":"https:\/\/api.w.org\/{rel}","templated":true}]}}