{"id":206,"date":"2014-05-22T10:50:30","date_gmt":"2014-05-22T09:50:30","guid":{"rendered":"http:\/\/www.musee-memorial-omaha.com\/mentions-legales-2\/"},"modified":"2020-09-29T11:32:58","modified_gmt":"2020-09-29T10:32:58","slug":"imprint","status":"publish","type":"page","link":"https:\/\/www.musee-memorial-omaha.com\/en\/imprint\/","title":{"rendered":"Imprint"},"content":{"rendered":"<p><strong>Conform\u00e9ment aux dispositions de l\u2019article 6-III-1 de la loi n\u00b02004-575 du 21 juin 2004 pour la confiance dans l\u2019\u00e9conomie num\u00e9rique, vous trouverez ci-dessous l\u2019ensemble des informations l\u00e9gales relatives au pr\u00e9sent site Internet.<\/strong><\/p>\n<h2>\u00c9diteur\/Proprietaire du site :<\/h2>\n<h2>SAS MUSEE MEMORIAL OMAHA BEACH<\/h2>\n<p>Si\u00e8ge social:<\/p>\n<p>Avenue de la Lib\u00e9ration<br \/>\n14710 SAINT-LAURENT-SUR-MER \u2013 NORMANDIE<br \/>\nFRANCE<br \/>\nGPS : 49.367087 , -0.882118<br \/>\nT\u00e9l. : (33) 02 31 21 97 44 \u2013 Fax : (33) 02 31 92 72 80<\/p>\n<p>Soci\u00e9t\u00e9 par actions simplifi\u00e9e au capital social de 7622.45\u20ac enregistr\u00e9e au registre des commerces de Caen N\u00b0 B 394 416 507.<\/p>\n<p><strong>Directeur de la publication :<\/strong><\/p>\n<h2>Conception technique et h\u00e9bergement :<\/h2>\n<p><a href=\"http:\/\/www.altitude-creation.fr\" target=\"_blank\">Altitude Cr\u00e9ation<br \/>\n<\/a> Rue de Franche Comt\u00e9,<br \/>\n50100 Cherbourg-Octeville<br \/>\n02 33 88 46 40<\/p>\n<h2>Conception graphique<\/h2>\n<p><strong>Mathilde Mochon<\/strong><br \/>\n14 place de la Fontaine<br \/>\n50100 Cherbourg<\/p>\n<p>Siret : 512 750 803 00011<\/p>\n<p class=\"mg_tp_20\"><span class=\"txt_14 txt_fdbleu\">09.50.94.85.31<\/span><br \/>\n<span class=\"txt_fdbleu\">contact[at]mathildemochon.fr<\/span><\/p>\n<h2>Collecte de donn\u00e9es personnelles et Cookies :<\/h2>\n<p>L\u2019\u00e9diteur du site vous informe que le site www.musee-memorial-omaha.com utilise des cookies.<\/p>\n<p>Nos serveurs ne sont pas configur\u00e9s pour collecter des informations personnelles sur les visiteurs du site en dehors des donn\u00e9es techniques suivantes : provenance des connexions (fournisseur d\u2019acc\u00e8s), adresse IP, type et version du navigateur utilis\u00e9. En aucun cas, nous ne collectons l\u2019adresse e-mail des visiteurs sans que ces derniers ne nous la communiquent d\u00e9lib\u00e9r\u00e9ment.<\/p>\n<p>Les donn\u00e9es de trafic et les fichiers de cookies que nous implantons sur votre ordinateur ont uniquement pour finalit\u00e9 de nous permettre d\u2019analyser la fr\u00e9quentation de nos pages d\u2019information afin d\u2019en am\u00e9liorer le contenu. Les donn\u00e9es relatives \u00e0 la navigation des visiteurs ne sont pas exploit\u00e9es nominativement. Il s\u2019agit de statistiques agr\u00e9g\u00e9es permettant de conna\u00eetre les pages les plus et les moins populaires, les chemins pr\u00e9f\u00e9r\u00e9s, les niveaux d\u2019activit\u00e9 par jour de la semaine et par heure de la journ\u00e9e, les principales erreurs clients ou serveur.<\/p>\n<p>Nous vous rappelons que vous disposez, dans votre logiciel de navigation, de la possibilit\u00e9 de bloquer l\u2019implantation de cookies sur votre ordinateur.<\/p>\n<h2>Propri\u00e9t\u00e9 intellectuelle et droit de reproduction :<\/h2>\n<p>L\u2019ensemble de ce site rel\u00e8ve de la l\u00e9gislation fran\u00e7aise et internationale sur le droit d\u2019auteur et la propri\u00e9t\u00e9 intellectuelle. Tous les droits de reproduction sont r\u00e9serv\u00e9s, y compris pour les documents t\u00e9l\u00e9chargeables et les repr\u00e9sentations iconographiques et photographiques.<\/p>\n<p>Toute repr\u00e9sentation et\/ou reproduction et\/ou exploitation partielle ou totale de ce site, par quelques proc\u00e9d\u00e9s que se soient, sans l\u2019autorisation expresse et pr\u00e9alable de l\u2019\u00e9diteur est interdite et constituerait une contrefa\u00e7on au sens des articles L 335-2 et suivants du code de la propri\u00e9t\u00e9 intellectuelle.<\/p>\n<p>Par d\u00e9rogation aux dispositions pr\u00e9c\u00e9dentes et particuli\u00e8rement pour un usage p\u00e9dagogique, la reproduction des textes de ce site sur un support papier est autoris\u00e9e, sous r\u00e9serve du respect des trois conditions suivantes :<\/p>\n<ul>\n<li>gratuit\u00e9 de la diffusion,<\/li>\n<\/ul>\n<ul>\n<li>respect de l\u2019int\u00e9grit\u00e9 des documents reproduits : pas de modification ni alt\u00e9ration d\u2019aucune sorte, respect du droit d\u2019auteur,<\/li>\n<\/ul>\n<ul>\n<li>citation claire et lisible de la source mentionnant imp\u00e9rativement l\u2019adresse internet du site.<\/li>\n<\/ul>\n<p>Les Logos sont des marques d\u00e9pos\u00e9es. Toute repr\u00e9sentation et\/ou reproduction et\/ou exploitation partielle ou totale de ces marques est donc prohib\u00e9e sans l\u2019accord pr\u00e9alable \u00e9crit de l\u2019\u00e9diteur.<\/p>\n<p>Les liens hypertextes mis en \u0153uvre au sein du site en direction d\u2019autres sites et\/ou de pages personnelles et d\u2019une mani\u00e8re g\u00e9n\u00e9rale vers toutes ressources existantes sur internet ne sauraient engager la responsabilit\u00e9 de l\u2019\u00e9diteur.<\/p>\n<p>La capture d\u2019informations nominatives pour enrichir des bases de donn\u00e9es, par exemple \u00e0 des fins commerciales ou publicitaires, est interdite.<\/p>\n<h2>Mise en garde g\u00e9n\u00e9rale :<\/h2>\n<p>L\u2019\u00e9diteur met tout en \u0153uvre pour offrir aux visiteurs de son site web des informations fiables et v\u00e9rifi\u00e9s.<\/p>\n<p>Cependant, malgr\u00e9 tous les soins apport\u00e9s, le site peut comporter des inexactitudes, des d\u00e9fauts de mise \u00e0 jour ou des erreurs typographiques.<br \/>\nNous remercions les utilisateurs du site de nous faire part d\u2019\u00e9ventuelles omissions, erreurs ou corrections, en adressant un courriel \u00e0 l\u2019adresse de l\u2019\u00e9diteur : <a href=\"mailto:contact@musee-memorial-omaha.com\">contact@musee-memorial-omaha.com<\/a><\/p>\n<p>Les prix affich\u00e9s sur ce site sont donn\u00e9s \u00e0 titre indicatif et n\u2019engagent pas la responsabilit\u00e9 de l\u2019\u00e9diteur du site.<\/p>\n<h2>Copyright :<\/h2>\n<p style=\"color: #333333;\">Tous les textes, images, \u00e9l\u00e9ments graphiques, fichiers son, fichiers d&#8217;animation, fichiers vid\u00e9o et leur disposition sur le site Web de www.musee-memorial-omaha.com\u00a0ne peuvent pas \u00eatre copi\u00e9s \u00e0 des fins commerciales ou de diffusion, ni \u00eatre modifi\u00e9s ou utilis\u00e9s sur d&#8217;autres sites.<\/p>\n<p>&nbsp;<\/p>\n<h2>Liens vers www.musee-memorial-omaha.com :<\/h2>\n<p>Vous avez la facult\u00e9, sans autorisation pr\u00e9alable, de faire, depuis un autre site, un lien vers <strong>www.musee-memorial-omaha.com<\/strong><\/p>\n<p>Toutefois, l\u2019\u00e9diteur r\u00e9cuse l\u2019utilisation de \u00ab\u00a0frames\u00a0\u00bb qui laissent supposer aux internautes qu\u2019ils consultent un autre site que\u00a0<strong>www.musee-memorial-omaha.com<\/strong><\/p>\n","protected":false},"excerpt":{"rendered":"<p>Conform\u00e9ment aux dispositions de l\u2019article 6-III-1 de la loi n\u00b02004-575 du 21 juin 2004 pour la confiance dans l\u2019\u00e9conomie num\u00e9rique, vous trouverez ci-dessous l\u2019ensemble des informations l\u00e9gales relatives au pr\u00e9sent site Internet. \u00c9diteur\/Proprietaire du site : SAS MUSEE MEMORIAL OMAHA &hellip; <a href=\"https:\/\/www.musee-memorial-omaha.com\/en\/imprint\/\">Continue reading<\/a><\/p>\n","protected":false},"author":1,"featured_media":0,"parent":0,"menu_order":909,"comment_status":"open","ping_status":"open","template":"","meta":{"_acf_changed":false,"footnotes":""},"class_list":["post-206","page","type-page","status-publish","hentry"],"acf":[],"yoast_head":"<!-- This site is optimized with the Yoast SEO plugin v24.9 - https:\/\/yoast.com\/wordpress\/plugins\/seo\/ -->\n<title>Imprint - Mus\u00e9e M\u00e9morial d&#039;Omaha beach<\/title>\n<meta name=\"robots\" content=\"index, follow, max-snippet:-1, max-image-preview:large, max-video-preview:-1\" \/>\n<link rel=\"canonical\" href=\"https:\/\/www.musee-memorial-omaha.fr\/en\/imprint\/\" \/>\n<meta property=\"og:locale\" content=\"en_US\" \/>\n<meta property=\"og:type\" content=\"article\" \/>\n<meta property=\"og:title\" content=\"Imprint - Mus\u00e9e M\u00e9morial d&#039;Omaha beach\" \/>\n<meta property=\"og:description\" content=\"Conform\u00e9ment aux dispositions de l\u2019article 6-III-1 de la loi n\u00b02004-575 du 21 juin 2004 pour la confiance dans l\u2019\u00e9conomie num\u00e9rique, vous trouverez ci-dessous l\u2019ensemble des informations l\u00e9gales relatives au pr\u00e9sent site Internet. \u00c9diteur\/Proprietaire du site : SAS MUSEE MEMORIAL OMAHA &hellip; Continue reading\" \/>\n<meta property=\"og:url\" content=\"https:\/\/www.musee-memorial-omaha.fr\/en\/imprint\/\" \/>\n<meta property=\"og:site_name\" content=\"Mus\u00e9e M\u00e9morial d&#039;Omaha beach\" \/>\n<meta property=\"article:modified_time\" content=\"2020-09-29T10:32:58+00:00\" \/>\n<meta name=\"twitter:label1\" content=\"Est. reading time\" \/>\n\t<meta name=\"twitter:data1\" content=\"4 minutes\" \/>\n<script type=\"application\/ld+json\" class=\"yoast-schema-graph\">{\"@context\":\"https:\/\/schema.org\",\"@graph\":[{\"@type\":\"WebPage\",\"@id\":\"https:\/\/www.musee-memorial-omaha.fr\/en\/imprint\/\",\"url\":\"https:\/\/www.musee-memorial-omaha.fr\/en\/imprint\/\",\"name\":\"Imprint - Mus\u00e9e M\u00e9morial d&#039;Omaha beach\",\"isPartOf\":{\"@id\":\"https:\/\/www.musee-memorial-omaha.com\/#website\"},\"datePublished\":\"2014-05-22T09:50:30+00:00\",\"dateModified\":\"2020-09-29T10:32:58+00:00\",\"breadcrumb\":{\"@id\":\"https:\/\/www.musee-memorial-omaha.fr\/en\/imprint\/#breadcrumb\"},\"inLanguage\":\"en-US\",\"potentialAction\":[{\"@type\":\"ReadAction\",\"target\":[\"https:\/\/www.musee-memorial-omaha.fr\/en\/imprint\/\"]}]},{\"@type\":\"BreadcrumbList\",\"@id\":\"https:\/\/www.musee-memorial-omaha.fr\/en\/imprint\/#breadcrumb\",\"itemListElement\":[{\"@type\":\"ListItem\",\"position\":1,\"name\":\"Home\",\"item\":\"https:\/\/www.musee-memorial-omaha.fr\/en\/home\/\"},{\"@type\":\"ListItem\",\"position\":2,\"name\":\"Imprint\"}]},{\"@type\":\"WebSite\",\"@id\":\"https:\/\/www.musee-memorial-omaha.com\/#website\",\"url\":\"https:\/\/www.musee-memorial-omaha.com\/\",\"name\":\"Mus\u00e9e M\u00e9morial d&#039;Omaha beach\",\"description\":\"\",\"potentialAction\":[{\"@type\":\"SearchAction\",\"target\":{\"@type\":\"EntryPoint\",\"urlTemplate\":\"https:\/\/www.musee-memorial-omaha.com\/?s={search_term_string}\"},\"query-input\":{\"@type\":\"PropertyValueSpecification\",\"valueRequired\":true,\"valueName\":\"search_term_string\"}}],\"inLanguage\":\"en-US\"}]}<\/script>\n<!-- \/ Yoast SEO plugin. -->","yoast_head_json":{"title":"Imprint - Mus\u00e9e M\u00e9morial d&#039;Omaha beach","robots":{"index":"index","follow":"follow","max-snippet":"max-snippet:-1","max-image-preview":"max-image-preview:large","max-video-preview":"max-video-preview:-1"},"canonical":"https:\/\/www.musee-memorial-omaha.fr\/en\/imprint\/","og_locale":"en_US","og_type":"article","og_title":"Imprint - Mus\u00e9e M\u00e9morial d&#039;Omaha beach","og_description":"Conform\u00e9ment aux dispositions de l\u2019article 6-III-1 de la loi n\u00b02004-575 du 21 juin 2004 pour la confiance dans l\u2019\u00e9conomie num\u00e9rique, vous trouverez ci-dessous l\u2019ensemble des informations l\u00e9gales relatives au pr\u00e9sent site Internet. \u00c9diteur\/Proprietaire du site : SAS MUSEE MEMORIAL OMAHA &hellip; Continue reading","og_url":"https:\/\/www.musee-memorial-omaha.fr\/en\/imprint\/","og_site_name":"Mus\u00e9e M\u00e9morial d&#039;Omaha beach","article_modified_time":"2020-09-29T10:32:58+00:00","twitter_misc":{"Est. reading time":"4 minutes"},"schema":{"@context":"https:\/\/schema.org","@graph":[{"@type":"WebPage","@id":"https:\/\/www.musee-memorial-omaha.fr\/en\/imprint\/","url":"https:\/\/www.musee-memorial-omaha.fr\/en\/imprint\/","name":"Imprint - Mus\u00e9e M\u00e9morial d&#039;Omaha beach","isPartOf":{"@id":"https:\/\/www.musee-memorial-omaha.com\/#website"},"datePublished":"2014-05-22T09:50:30+00:00","dateModified":"2020-09-29T10:32:58+00:00","breadcrumb":{"@id":"https:\/\/www.musee-memorial-omaha.fr\/en\/imprint\/#breadcrumb"},"inLanguage":"en-US","potentialAction":[{"@type":"ReadAction","target":["https:\/\/www.musee-memorial-omaha.fr\/en\/imprint\/"]}]},{"@type":"BreadcrumbList","@id":"https:\/\/www.musee-memorial-omaha.fr\/en\/imprint\/#breadcrumb","itemListElement":[{"@type":"ListItem","position":1,"name":"Home","item":"https:\/\/www.musee-memorial-omaha.fr\/en\/home\/"},{"@type":"ListItem","position":2,"name":"Imprint"}]},{"@type":"WebSite","@id":"https:\/\/www.musee-memorial-omaha.com\/#website","url":"https:\/\/www.musee-memorial-omaha.com\/","name":"Mus\u00e9e M\u00e9morial d&#039;Omaha beach","description":"","potentialAction":[{"@type":"SearchAction","target":{"@type":"EntryPoint","urlTemplate":"https:\/\/www.musee-memorial-omaha.com\/?s={search_term_string}"},"query-input":{"@type":"PropertyValueSpecification","valueRequired":true,"valueName":"search_term_string"}}],"inLanguage":"en-US"}]}},"_links":{"self":[{"href":"https:\/\/www.musee-memorial-omaha.com\/en\/wp-json\/wp\/v2\/pages\/206","targetHints":{"allow":["GET"]}}],"collection":[{"href":"https:\/\/www.musee-memorial-omaha.com\/en\/wp-json\/wp\/v2\/pages"}],"about":[{"href":"https:\/\/www.musee-memorial-omaha.com\/en\/wp-json\/wp\/v2\/types\/page"}],"author":[{"embeddable":true,"href":"https:\/\/www.musee-memorial-omaha.com\/en\/wp-json\/wp\/v2\/users\/1"}],"replies":[{"embeddable":true,"href":"https:\/\/www.musee-memorial-omaha.com\/en\/wp-json\/wp\/v2\/comments?post=206"}],"version-history":[{"count":0,"href":"https:\/\/www.musee-memorial-omaha.com\/en\/wp-json\/wp\/v2\/pages\/206\/revisions"}],"wp:attachment":[{"href":"https:\/\/www.musee-memorial-omaha.com\/en\/wp-json\/wp\/v2\/media?parent=206"}],"curies":[{"name":"wp","href":"https:\/\/api.w.org\/{rel}","templated":true}]}}